{"id":11,"date":"2026-03-16T11:58:32","date_gmt":"2026-03-16T11:58:32","guid":{"rendered":"https:\/\/torresconstrucciones.rkinformatika.online\/?page_id=11"},"modified":"2026-03-25T10:37:25","modified_gmt":"2026-03-25T10:37:25","slug":"inicio","status":"publish","type":"page","link":"https:\/\/torresconstrucciones.es\/en\/","title":{"rendered":"Home"},"content":{"rendered":"<div data-elementor-type=\"wp-page\" data-elementor-id=\"11\" class=\"elementor elementor-11\" data-elementor-post-type=\"page\">\n\t\t\t\t<div class=\"elementor-element elementor-element-c6794b0 e-flex e-con-boxed e-con e-parent\" data-id=\"c6794b0\" data-element_type=\"container\" data-e-type=\"container\" data-settings=\"{&quot;background_background&quot;:&quot;classic&quot;}\">\n\t\t\t\t\t<div class=\"e-con-inner\">\n\t\t\t\t<div class=\"elementor-element elementor-element-49f5f0d elementor-widget elementor-widget-heading\" data-id=\"49f5f0d\" data-element_type=\"widget\" data-e-type=\"widget\" data-widget_type=\"heading.default\">\n\t\t\t\t\t<h2 class=\"elementor-heading-title elementor-size-default\">Torres Construcciones<\/h2>\t\t\t\t<\/div>\n\t\t\t\t<div class=\"elementor-element elementor-element-34c1a3b elementor-headline--style-highlight elementor-widget elementor-widget-animated-headline\" data-id=\"34c1a3b\" data-element_type=\"widget\" data-e-type=\"widget\" data-settings=\"{&quot;marker&quot;:&quot;underline&quot;,&quot;highlighted_text&quot;:&quot; con m\\u00e1s de 25 a\\u00f1os de experiencia&quot;,&quot;headline_style&quot;:&quot;highlight&quot;,&quot;loop&quot;:&quot;yes&quot;,&quot;highlight_animation_duration&quot;:1200,&quot;highlight_iteration_delay&quot;:8000}\" data-widget_type=\"animated-headline.default\">\n\t\t\t\t\t\t\t<h3 class=\"elementor-headline\">\n\t\t\t\t\t<span class=\"elementor-headline-plain-text elementor-headline-text-wrapper\">Experts in construction and renovations<\/span>\n\t\t\t\t<span class=\"elementor-headline-dynamic-wrapper elementor-headline-text-wrapper\">\n\t\t\t\t\t<span class=\"elementor-headline-dynamic-text elementor-headline-text-active\"> with over 25 years of experience<\/span>\n\t\t\t\t<\/span>\n\t\t\t\t<\/h3>\n\t\t\t\t\t\t<\/div>\n\t\t\t\t\t<\/div>\n\t\t\t\t<\/div>\n\t\t<div class=\"elementor-element elementor-element-8b156d0 elementor-hidden-tablet e-flex e-con-boxed e-con e-parent\" data-id=\"8b156d0\" data-element_type=\"container\" data-e-type=\"container\">\n\t\t\t\t\t<div class=\"e-con-inner\">\n\t\t<div class=\"elementor-element elementor-element-4325c30 e-con-full e-flex e-con e-child\" data-id=\"4325c30\" data-element_type=\"container\" data-e-type=\"container\">\n\t\t<div class=\"elementor-element elementor-element-bc75fa0 e-con-full e-flex e-con e-child\" data-id=\"bc75fa0\" data-element_type=\"container\" data-e-type=\"container\" data-settings=\"{&quot;background_background&quot;:&quot;classic&quot;}\">\n\t\t\t\t<div class=\"elementor-element elementor-element-59429b4 elementor-widget elementor-widget-image\" data-id=\"59429b4\" data-element_type=\"widget\" data-e-type=\"widget\" data-widget_type=\"image.default\">\n\t\t\t\t\t\t\t\t\t\t\t\t\t\t\t<img decoding=\"async\" src=\"https:\/\/torresconstrucciones.es\/wp-content\/uploads\/2026\/03\/imgi_224_E1090LZT.jpg\" title=\"\" alt=\"\" loading=\"lazy\" \/>\t\t\t\t\t\t\t\t\t\t\t\t\t\t\t<\/div>\n\t\t\t\t<\/div>\n\t\t<div class=\"elementor-element elementor-element-39f6b13 e-con-full e-flex e-con e-child\" data-id=\"39f6b13\" data-element_type=\"container\" data-e-type=\"container\">\n\t\t\t\t<div class=\"elementor-element elementor-element-b1f86d6 elementor-widget elementor-widget-heading\" data-id=\"b1f86d6\" data-element_type=\"widget\" data-e-type=\"widget\" data-widget_type=\"heading.default\">\n\t\t\t\t\t<h2 class=\"elementor-heading-title elementor-size-default\">About us<\/h2>\t\t\t\t<\/div>\n\t\t\t\t<div class=\"elementor-element elementor-element-8a3f762 elementor-widget elementor-widget-text-editor\" data-id=\"8a3f762\" data-element_type=\"widget\" data-e-type=\"widget\" data-widget_type=\"text-editor.default\">\n\t\t\t\t\t\t\t\t\t<p>Torres Construcciones is a company specializing in construction, renovations and masonry work, directed by Pedro Jes\u00fas Torres Rodr\u00edguez, a professional with more than 25 years of experience in the sector.<\/p><p>Throughout his career he has carried out numerous renovation and construction projects, always offering a professional, friendly service adapted to the needs of each client.<\/p><p>At Torres Construcciones we work with seriousness, commitment and quality materials, taking care of every detail to guarantee lasting results and the satisfaction of our clients.\u00a0<\/p>\t\t\t\t\t\t\t\t<\/div>\n\t\t\t\t<\/div>\n\t\t\t\t<\/div>\n\t\t\t\t\t<\/div>\n\t\t\t\t<\/div>\n\t\t<div class=\"elementor-element elementor-element-43962ce elementor-hidden-desktop elementor-hidden-mobile e-flex e-con-boxed e-con e-parent\" data-id=\"43962ce\" data-element_type=\"container\" data-e-type=\"container\">\n\t\t\t\t\t<div class=\"e-con-inner\">\n\t\t<div class=\"elementor-element elementor-element-490478a e-con-full e-flex e-con e-child\" data-id=\"490478a\" data-element_type=\"container\" data-e-type=\"container\">\n\t\t\t\t<div class=\"elementor-element elementor-element-f93961d elementor-widget elementor-widget-image\" data-id=\"f93961d\" data-element_type=\"widget\" data-e-type=\"widget\" data-widget_type=\"image.default\">\n\t\t\t\t\t\t\t\t\t\t\t\t\t\t\t<img fetchpriority=\"high\" decoding=\"async\" width=\"800\" height=\"542\" src=\"https:\/\/torresconstrucciones.es\/wp-content\/uploads\/2026\/03\/imgi_224_E1090LZT-e1773739053900-1024x694.jpg\" class=\"attachment-large size-large wp-image-583\" alt=\"\" srcset=\"https:\/\/torresconstrucciones.es\/wp-content\/uploads\/2026\/03\/imgi_224_E1090LZT-e1773739053900-1024x694.jpg 1024w, https:\/\/torresconstrucciones.es\/wp-content\/uploads\/2026\/03\/imgi_224_E1090LZT-e1773739053900-300x203.jpg 300w, https:\/\/torresconstrucciones.es\/wp-content\/uploads\/2026\/03\/imgi_224_E1090LZT-e1773739053900-768x520.jpg 768w, https:\/\/torresconstrucciones.es\/wp-content\/uploads\/2026\/03\/imgi_224_E1090LZT-e1773739053900-18x12.jpg 18w, https:\/\/torresconstrucciones.es\/wp-content\/uploads\/2026\/03\/imgi_224_E1090LZT-e1773739053900.jpg 1377w\" sizes=\"(max-width: 800px) 100vw, 800px\" \/>\t\t\t\t\t\t\t\t\t\t\t\t\t\t\t<\/div>\n\t\t\t\t<div class=\"elementor-element elementor-element-500ba15 elementor-widget elementor-widget-heading\" data-id=\"500ba15\" data-element_type=\"widget\" data-e-type=\"widget\" data-widget_type=\"heading.default\">\n\t\t\t\t\t<h2 class=\"elementor-heading-title elementor-size-default\">About us<\/h2>\t\t\t\t<\/div>\n\t\t\t\t<div class=\"elementor-element elementor-element-214ecd5 elementor-widget elementor-widget-text-editor\" data-id=\"214ecd5\" data-element_type=\"widget\" data-e-type=\"widget\" data-widget_type=\"text-editor.default\">\n\t\t\t\t\t\t\t\t\t<p>Torres Construcciones is a company specializing in construction, renovations and masonry work, directed by Pedro Jes\u00fas Torres Rodr\u00edguez, a professional with more than 25 years of experience in the sector.<\/p><p>Throughout his career he has carried out numerous renovation and construction projects, always offering a professional, friendly service adapted to the needs of each client.<\/p><p>At Torres Construcciones we work with seriousness, commitment and quality materials, taking care of every detail to guarantee lasting results and the satisfaction of our clients.\u00a0<\/p>\t\t\t\t\t\t\t\t<\/div>\n\t\t\t\t<\/div>\n\t\t\t\t\t<\/div>\n\t\t\t\t<\/div>\n\t\t<div class=\"elementor-element elementor-element-ec01ff4 e-flex e-con-boxed e-con e-parent\" data-id=\"ec01ff4\" data-element_type=\"container\" data-e-type=\"container\" data-settings=\"{&quot;background_background&quot;:&quot;classic&quot;}\">\n\t\t\t\t\t<div class=\"e-con-inner\">\n\t\t<div class=\"elementor-element elementor-element-0d81f6e e-con-full e-flex e-con e-child\" data-id=\"0d81f6e\" data-element_type=\"container\" data-e-type=\"container\" data-settings=\"{&quot;background_background&quot;:&quot;classic&quot;}\">\n\t\t\t\t<div class=\"elementor-element elementor-element-adb0558 elementor-widget elementor-widget-heading\" data-id=\"adb0558\" data-element_type=\"widget\" data-e-type=\"widget\" data-widget_type=\"heading.default\">\n\t\t\t\t\t<h2 class=\"elementor-heading-title elementor-size-default\">Discover everything we can do for your home<\/h2>\t\t\t\t<\/div>\n\t\t\t\t<div class=\"elementor-element elementor-element-99bd7b4 elementor-widget elementor-widget-button\" data-id=\"99bd7b4\" data-element_type=\"widget\" data-e-type=\"widget\" data-widget_type=\"button.default\">\n\t\t\t\t\t\t\t\t\t\t<a class=\"elementor-button elementor-button-link elementor-size-sm\" href=\"\/en\/servicios\/\">\n\t\t\t\t\t\t<span class=\"elementor-button-content-wrapper\">\n\t\t\t\t\t\t\t\t\t<span class=\"elementor-button-text\">Services<\/span>\n\t\t\t\t\t<\/span>\n\t\t\t\t\t<\/a>\n\t\t\t\t\t\t\t\t<\/div>\n\t\t\t\t<\/div>\n\t\t\t\t\t<\/div>\n\t\t\t\t<\/div>\n\t\t\t\t<\/div>","protected":false},"excerpt":{"rendered":"<p>Torres Construcciones Expertos en construcci\u00f3n y reformas con m\u00e1s de 25 a\u00f1os de experiencia Sobre Nosotros Torres Construcciones es una empresa especializada en construcci\u00f3n, reformas y trabajos de alba\u00f1iler\u00eda, dirigida por Pedro Jes\u00fas Torres Rodr\u00edguez, profesional con m\u00e1s de 25 a\u00f1os de experiencia en el sector. A lo largo de su trayectoria ha realizado numerosos [&hellip;]<\/p>\n","protected":false},"author":1,"featured_media":0,"parent":0,"menu_order":0,"comment_status":"closed","ping_status":"closed","template":"elementor_canvas","meta":{"footnotes":""},"class_list":["post-11","page","type-page","status-publish","hentry"],"yoast_head":"<!-- This site is optimized with the Yoast SEO plugin v27.4 - https:\/\/yoast.com\/product\/yoast-seo-wordpress\/ -->\n<title>Inicio - Torres Construcciones<\/title>\n<meta name=\"robots\" content=\"index, follow, max-snippet:-1, max-image-preview:large, max-video-preview:-1\" \/>\n<link rel=\"canonical\" href=\"https:\/\/torresconstrucciones.es\/en\/\" \/>\n<meta property=\"og:locale\" content=\"en_GB\" \/>\n<meta property=\"og:type\" content=\"article\" \/>\n<meta property=\"og:title\" content=\"Inicio - Torres Construcciones\" \/>\n<meta property=\"og:description\" content=\"Torres Construcciones Expertos en construcci\u00f3n y reformas con m\u00e1s de 25 a\u00f1os de experiencia Sobre Nosotros Torres Construcciones es una empresa especializada en construcci\u00f3n, reformas y trabajos de alba\u00f1iler\u00eda, dirigida por Pedro Jes\u00fas Torres Rodr\u00edguez, profesional con m\u00e1s de 25 a\u00f1os de experiencia en el sector. A lo largo de su trayectoria ha realizado numerosos [&hellip;]\" \/>\n<meta property=\"og:url\" content=\"https:\/\/torresconstrucciones.es\/en\/\" \/>\n<meta property=\"og:site_name\" content=\"Torres Construcciones\" \/>\n<meta property=\"article:modified_time\" content=\"2026-03-25T10:37:25+00:00\" \/>\n<meta property=\"og:image\" content=\"https:\/\/torresconstrucciones.es\/wp-content\/uploads\/2026\/03\/imgi_224_E1090LZT.jpg\" \/>\n<meta name=\"twitter:card\" content=\"summary_large_image\" \/>\n<meta name=\"twitter:label1\" content=\"Estimated reading time\" \/>\n\t<meta name=\"twitter:data1\" content=\"1 minute\" \/>\n<script type=\"application\/ld+json\" class=\"yoast-schema-graph\">{\"@context\":\"https:\\\/\\\/schema.org\",\"@graph\":[{\"@type\":\"WebPage\",\"@id\":\"https:\\\/\\\/torresconstrucciones.es\\\/\",\"url\":\"https:\\\/\\\/torresconstrucciones.es\\\/\",\"name\":\"Inicio - Torres Construcciones\",\"isPartOf\":{\"@id\":\"https:\\\/\\\/torresconstrucciones.es\\\/#website\"},\"primaryImageOfPage\":{\"@id\":\"https:\\\/\\\/torresconstrucciones.es\\\/#primaryimage\"},\"image\":{\"@id\":\"https:\\\/\\\/torresconstrucciones.es\\\/#primaryimage\"},\"thumbnailUrl\":\"https:\\\/\\\/torresconstrucciones.es\\\/wp-content\\\/uploads\\\/2026\\\/03\\\/imgi_224_E1090LZT.jpg\",\"datePublished\":\"2026-03-16T11:58:32+00:00\",\"dateModified\":\"2026-03-25T10:37:25+00:00\",\"breadcrumb\":{\"@id\":\"https:\\\/\\\/torresconstrucciones.es\\\/#breadcrumb\"},\"inLanguage\":\"en-GB\",\"potentialAction\":[{\"@type\":\"ReadAction\",\"target\":[\"https:\\\/\\\/torresconstrucciones.es\\\/\"]}]},{\"@type\":\"ImageObject\",\"inLanguage\":\"en-GB\",\"@id\":\"https:\\\/\\\/torresconstrucciones.es\\\/#primaryimage\",\"url\":\"https:\\\/\\\/torresconstrucciones.es\\\/wp-content\\\/uploads\\\/2026\\\/03\\\/imgi_224_E1090LZT.jpg\",\"contentUrl\":\"https:\\\/\\\/torresconstrucciones.es\\\/wp-content\\\/uploads\\\/2026\\\/03\\\/imgi_224_E1090LZT.jpg\"},{\"@type\":\"BreadcrumbList\",\"@id\":\"https:\\\/\\\/torresconstrucciones.es\\\/#breadcrumb\",\"itemListElement\":[{\"@type\":\"ListItem\",\"position\":1,\"name\":\"Portada\",\"item\":\"https:\\\/\\\/torresconstrucciones.es\\\/\"},{\"@type\":\"ListItem\",\"position\":2,\"name\":\"Inicio\"}]},{\"@type\":\"WebSite\",\"@id\":\"https:\\\/\\\/torresconstrucciones.es\\\/#website\",\"url\":\"https:\\\/\\\/torresconstrucciones.es\\\/\",\"name\":\"Torres Construcciones\",\"description\":\"\",\"publisher\":{\"@id\":\"https:\\\/\\\/torresconstrucciones.es\\\/#organization\"},\"potentialAction\":[{\"@type\":\"SearchAction\",\"target\":{\"@type\":\"EntryPoint\",\"urlTemplate\":\"https:\\\/\\\/torresconstrucciones.es\\\/?s={search_term_string}\"},\"query-input\":{\"@type\":\"PropertyValueSpecification\",\"valueRequired\":true,\"valueName\":\"search_term_string\"}}],\"inLanguage\":\"en-GB\"},{\"@type\":\"Organization\",\"@id\":\"https:\\\/\\\/torresconstrucciones.es\\\/#organization\",\"name\":\"Torres Construcciones\",\"url\":\"https:\\\/\\\/torresconstrucciones.es\\\/\",\"logo\":{\"@type\":\"ImageObject\",\"inLanguage\":\"en-GB\",\"@id\":\"https:\\\/\\\/torresconstrucciones.es\\\/#\\\/schema\\\/logo\\\/image\\\/\",\"url\":\"https:\\\/\\\/torresconstrucciones.es\\\/wp-content\\\/uploads\\\/2026\\\/03\\\/pedrojesustorres202602_logoarriba.jpg\",\"contentUrl\":\"https:\\\/\\\/torresconstrucciones.es\\\/wp-content\\\/uploads\\\/2026\\\/03\\\/pedrojesustorres202602_logoarriba.jpg\",\"width\":550,\"height\":285,\"caption\":\"Torres Construcciones\"},\"image\":{\"@id\":\"https:\\\/\\\/torresconstrucciones.es\\\/#\\\/schema\\\/logo\\\/image\\\/\"}}]}<\/script>\n<!-- \/ Yoast SEO plugin. -->","yoast_head_json":{"title":"Inicio - Torres Construcciones","robots":{"index":"index","follow":"follow","max-snippet":"max-snippet:-1","max-image-preview":"max-image-preview:large","max-video-preview":"max-video-preview:-1"},"canonical":"https:\/\/torresconstrucciones.es\/en\/","og_locale":"en_GB","og_type":"article","og_title":"Inicio - Torres Construcciones","og_description":"Torres Construcciones Expertos en construcci\u00f3n y reformas con m\u00e1s de 25 a\u00f1os de experiencia Sobre Nosotros Torres Construcciones es una empresa especializada en construcci\u00f3n, reformas y trabajos de alba\u00f1iler\u00eda, dirigida por Pedro Jes\u00fas Torres Rodr\u00edguez, profesional con m\u00e1s de 25 a\u00f1os de experiencia en el sector. A lo largo de su trayectoria ha realizado numerosos [&hellip;]","og_url":"https:\/\/torresconstrucciones.es\/en\/","og_site_name":"Torres Construcciones","article_modified_time":"2026-03-25T10:37:25+00:00","og_image":[{"url":"https:\/\/torresconstrucciones.es\/wp-content\/uploads\/2026\/03\/imgi_224_E1090LZT.jpg","type":"","width":"","height":""}],"twitter_card":"summary_large_image","twitter_misc":{"Estimated reading time":"1 minute"},"schema":{"@context":"https:\/\/schema.org","@graph":[{"@type":"WebPage","@id":"https:\/\/torresconstrucciones.es\/","url":"https:\/\/torresconstrucciones.es\/","name":"Inicio - Torres Construcciones","isPartOf":{"@id":"https:\/\/torresconstrucciones.es\/#website"},"primaryImageOfPage":{"@id":"https:\/\/torresconstrucciones.es\/#primaryimage"},"image":{"@id":"https:\/\/torresconstrucciones.es\/#primaryimage"},"thumbnailUrl":"https:\/\/torresconstrucciones.es\/wp-content\/uploads\/2026\/03\/imgi_224_E1090LZT.jpg","datePublished":"2026-03-16T11:58:32+00:00","dateModified":"2026-03-25T10:37:25+00:00","breadcrumb":{"@id":"https:\/\/torresconstrucciones.es\/#breadcrumb"},"inLanguage":"en-GB","potentialAction":[{"@type":"ReadAction","target":["https:\/\/torresconstrucciones.es\/"]}]},{"@type":"ImageObject","inLanguage":"en-GB","@id":"https:\/\/torresconstrucciones.es\/#primaryimage","url":"https:\/\/torresconstrucciones.es\/wp-content\/uploads\/2026\/03\/imgi_224_E1090LZT.jpg","contentUrl":"https:\/\/torresconstrucciones.es\/wp-content\/uploads\/2026\/03\/imgi_224_E1090LZT.jpg"},{"@type":"BreadcrumbList","@id":"https:\/\/torresconstrucciones.es\/#breadcrumb","itemListElement":[{"@type":"ListItem","position":1,"name":"Portada","item":"https:\/\/torresconstrucciones.es\/"},{"@type":"ListItem","position":2,"name":"Inicio"}]},{"@type":"WebSite","@id":"https:\/\/torresconstrucciones.es\/#website","url":"https:\/\/torresconstrucciones.es\/","name":"Torres Construcciones","description":"","publisher":{"@id":"https:\/\/torresconstrucciones.es\/#organization"},"potentialAction":[{"@type":"SearchAction","target":{"@type":"EntryPoint","urlTemplate":"https:\/\/torresconstrucciones.es\/?s={search_term_string}"},"query-input":{"@type":"PropertyValueSpecification","valueRequired":true,"valueName":"search_term_string"}}],"inLanguage":"en-GB"},{"@type":"Organization","@id":"https:\/\/torresconstrucciones.es\/#organization","name":"Torres Construcciones","url":"https:\/\/torresconstrucciones.es\/","logo":{"@type":"ImageObject","inLanguage":"en-GB","@id":"https:\/\/torresconstrucciones.es\/#\/schema\/logo\/image\/","url":"https:\/\/torresconstrucciones.es\/wp-content\/uploads\/2026\/03\/pedrojesustorres202602_logoarriba.jpg","contentUrl":"https:\/\/torresconstrucciones.es\/wp-content\/uploads\/2026\/03\/pedrojesustorres202602_logoarriba.jpg","width":550,"height":285,"caption":"Torres Construcciones"},"image":{"@id":"https:\/\/torresconstrucciones.es\/#\/schema\/logo\/image\/"}}]}},"_links":{"self":[{"href":"https:\/\/torresconstrucciones.es\/en\/wp-json\/wp\/v2\/pages\/11","targetHints":{"allow":["GET"]}}],"collection":[{"href":"https:\/\/torresconstrucciones.es\/en\/wp-json\/wp\/v2\/pages"}],"about":[{"href":"https:\/\/torresconstrucciones.es\/en\/wp-json\/wp\/v2\/types\/page"}],"author":[{"embeddable":true,"href":"https:\/\/torresconstrucciones.es\/en\/wp-json\/wp\/v2\/users\/1"}],"replies":[{"embeddable":true,"href":"https:\/\/torresconstrucciones.es\/en\/wp-json\/wp\/v2\/comments?post=11"}],"version-history":[{"count":292,"href":"https:\/\/torresconstrucciones.es\/en\/wp-json\/wp\/v2\/pages\/11\/revisions"}],"predecessor-version":[{"id":689,"href":"https:\/\/torresconstrucciones.es\/en\/wp-json\/wp\/v2\/pages\/11\/revisions\/689"}],"wp:attachment":[{"href":"https:\/\/torresconstrucciones.es\/en\/wp-json\/wp\/v2\/media?parent=11"}],"curies":[{"name":"wp","href":"https:\/\/api.w.org\/{rel}","templated":true}]}}